{"id":656,"date":"2022-04-12T10:24:02","date_gmt":"2022-04-12T10:24:02","guid":{"rendered":"https:\/\/kissthemountain.com\/kisstheshop\/?page_id=656"},"modified":"2023-12-07T10:35:34","modified_gmt":"2023-12-07T10:35:34","slug":"inicio-kiko","status":"publish","type":"page","link":"https:\/\/kissthemountain.com\/kisstheshop\/","title":{"rendered":"Inicio Kiko"},"content":{"rendered":"<p>[vc_row][vc_column offset=\u00bbvc_hidden-md vc_hidden-sm vc_hidden-xs\u00bb][vc_single_image image=\u00bb2110&#8243; img_size=\u00bbfull\u00bb onclick=\u00bbcustom_link\u00bb css_animation=\u00bbfadeInDown\u00bb link=\u00bbhttps:\/\/kissthemountain.com\/kisstheshop\/categoria-producto\/hombre\/\u00bb][\/vc_column][\/vc_row][vc_row][vc_column offset=\u00bbvc_hidden-lg\u00bb][vc_single_image image=\u00bb2110&#8243; img_size=\u00bbfull\u00bb onclick=\u00bbcustom_link\u00bb css_animation=\u00bbfadeInDown\u00bb link=\u00bbhttps:\/\/kissthemountain.com\/kisstheshop\/categoria-producto\/hombre\/\u00bb][\/vc_column][\/vc_row][vc_row][vc_column offset=\u00bbvc_hidden-lg vc_hidden-md vc_hidden-sm vc_hidden-xs\u00bb][vc_single_image image=\u00bb2605&#8243; img_size=\u00bbfull\u00bb onclick=\u00bbcustom_link\u00bb css_animation=\u00bbfadeInDown\u00bb link=\u00bbhttps:\/\/kissthemountain.com\/kisstheshop\/categoria-producto\/coleccion-original\/\u00bb][\/vc_column][\/vc_row][vc_row][vc_column offset=\u00bbvc_hidden-lg vc_hidden-md vc_hidden-sm vc_hidden-xs\u00bb][vc_single_image image=\u00bb2605&#8243; img_size=\u00bbfull\u00bb onclick=\u00bbcustom_link\u00bb css_animation=\u00bbfadeInDown\u00bb link=\u00bbhttps:\/\/kissthemountain.com\/kisstheshop\/categoria-producto\/coleccion-original\/\u00bb][\/vc_column][\/vc_row][vc_row][vc_column offset=\u00bbvc_hidden-md vc_hidden-sm vc_hidden-xs\u00bb][vc_single_image image=\u00bb2111&#8243; img_size=\u00bbfull\u00bb onclick=\u00bbcustom_link\u00bb css_animation=\u00bbfadeInDown\u00bb link=\u00bbhttps:\/\/kissthemountain.com\/kisstheshop\/categoria-producto\/hombre\/\u00bb][\/vc_column][\/vc_row][vc_row][vc_column offset=\u00bbvc_hidden-lg\u00bb][vc_single_image image=\u00bb2112&#8243; img_size=\u00bbfull\u00bb onclick=\u00bbcustom_link\u00bb css_animation=\u00bbfadeInDown\u00bb link=\u00bbhttps:\/\/kissthemountain.com\/kisstheshop\/categoria-producto\/hombre\/\u00bb][\/vc_column][\/vc_row][vc_row][vc_column offset=\u00bbvc_hidden-md vc_hidden-sm vc_hidden-xs\u00bb][vc_single_image image=\u00bb2113&#8243; img_size=\u00bbfull\u00bb onclick=\u00bbcustom_link\u00bb css_animation=\u00bbfadeInUp\u00bb link=\u00bbhttps:\/\/kissthemountain.com\/kisstheshop\/categoria-producto\/mujer\/\u00bb][\/vc_column][\/vc_row][vc_row][vc_column offset=\u00bbvc_hidden-lg\u00bb][vc_single_image image=\u00bb2114&#8243; img_size=\u00bbfull\u00bb onclick=\u00bbcustom_link\u00bb css_animation=\u00bbfadeInUp\u00bb link=\u00bbhttps:\/\/kissthemountain.com\/kisstheshop\/index.php\/categoria-producto\/mujer\/\u00bb][\/vc_column][\/vc_row][vc_row][vc_column offset=\u00bbvc_hidden-lg vc_hidden-md vc_hidden-sm vc_hidden-xs\u00bb][vc_empty_space][vc_column_text]<\/p>\n<h6><span style=\"color: #000000;\"><strong>DESTACADOS<\/strong><\/span><\/h6>\n<p>[\/vc_column_text]<form style='display:none' class='pw_carousel_form_770'><input name='pw_atts' value=\t\t\r\n\t\t\t\t\t'{\"show_heading\":\"yes\",\"slider_image_size\":\"pw_ver_image\",\"image_hover\":\"pl-opacity\",\"slider_autoplay\":\"true\",\"item_desktop\":\"6\",\"item_tablet\":\"4\",\"item_mobile\":\"4\",\"item_margin\":\"5\",\"show_navigation\":\"true\",\"navigation_shape\":\"pl-slider-nav-circle\",\"navigation_on_hover\":\"pl-slider-nav-hover-show\",\"slider_show_title\":\"no\",\"pw_query\":\"size:6|order_by:rand|order:ASC|post_type:product|by_id:1666,1627,583,726,477,278\",\"navigation_icon\":\"fa-arrow-circle-o-left\"}' \/><input name='pw_rand_id' value=\t\t\r\n\t\t\t\t\t'770' \/><\/form>\r\n\t\t\t\t<div class=\"pl-header pl-header-770 pl-header-layout1 no-rtl \">\r\n\t\t\t\t\t<h3 class=\"pl-main-heading\"><\/h3>\r\n\t\t\t\t<\/div>\r\n\t\t\t\r\n<div class=\"pl-main-slider-cnt pl-main-slider-cnt-770 no-rtl  pl-slider-hide-btn pl-slider-btn-topright pl-slider-btn-rect  pl-slider-btn-fill pl-slider-btn-hover-hide\">\r\n\t\t<div class=\"pl-slider-cnt pl-owl-container pl-owl pl-owl-770  pl-slider-dot-bottom-center pl-slider-dot-layout1     pl-slider-nav-center pl-slider-nav-circle pl-slider-nav-fill pl-slider-nav-hover-show\"  id=\"pl-slider-770\" style=\"visibility:hidden\"><div class=\"pl-slider-slide item \" ><div class=\"pl-post-cnt pl-outerdesc-cnt pl-outerdesc-layout1\">\r\n\t\t\t\t<div class=\"pl-thumbnail\">\r\n\t\t\t\t\t\r\n\t\t\t\t\t<div class=\"pl-thumbnail-overlay\">\r\n\t\t\t\t\t\t<a class=\"pl-img-overlay-link\" href=\"https:\/\/kissthemountain.com\/kisstheshop\/producto\/god-save-the-climbing-yellow-coleccion-obsesion-mujer\/\" title=\"GOD SAVE THE CLIMBING YELLOW  Colecci\u00f3n Obsesi\u00f3n Mujer\"><\/a>\r\n\t\t\t\t\t<\/div>\r\n\t\t\t\t\t\r\n\t\t\t\t\t<div class=\"pl-thumbnail-img pl-opacity\">\r\n\t\t\t\t\t\t<img src=\"https:\/\/kissthemountain.com\/kisstheshop\/wp-content\/uploads\/2022\/03\/GSTCAMV2VISUAL-470x634.jpg\" class=\"slide-img\" \/><\/a>\r\n\t\t\t\t\t<\/div>\r\n\t\t\t\t<\/div>\t\t  \t\r\n\t\t\t<div class=\"pl-outer-details\"><\/div><\/div><\/div><div class=\"pl-slider-slide item \" ><div class=\"pl-post-cnt pl-outerdesc-cnt pl-outerdesc-layout1\">\r\n\t\t\t\t<div class=\"pl-thumbnail\">\r\n\t\t\t\t\t\r\n\t\t\t\t\t<div class=\"pl-thumbnail-overlay\">\r\n\t\t\t\t\t\t<a class=\"pl-img-overlay-link\" href=\"https:\/\/kissthemountain.com\/kisstheshop\/producto\/kissthecervino-hoodie-organica-darkblue-coleccion-obsesion-unisex\/\" title=\"KISSTHECERVINO HOODIE ORG\u00c1NICA DARK BLUE Colecci\u00f3n Obsesi\u00f3n Unisex\"><\/a>\r\n\t\t\t\t\t<\/div>\r\n\t\t\t\t\t\r\n\t\t\t\t\t<div class=\"pl-thumbnail-img pl-opacity\">\r\n\t\t\t\t\t\t<img src=\"https:\/\/kissthemountain.com\/kisstheshop\/wp-content\/uploads\/2022\/10\/Azul_Oscuro_Kissthecervino-470x634.jpg\" class=\"slide-img\" \/><\/a>\r\n\t\t\t\t\t<\/div>\r\n\t\t\t\t<\/div>\t\t  \t\r\n\t\t\t<div class=\"pl-outer-details\"><\/div><\/div><\/div><div class=\"pl-slider-slide item \" ><div class=\"pl-post-cnt pl-outerdesc-cnt pl-outerdesc-layout1\">\r\n\t\t\t\t<div class=\"pl-thumbnail\">\r\n\t\t\t\t\t\r\n\t\t\t\t\t<div class=\"pl-thumbnail-overlay\">\r\n\t\t\t\t\t\t<a class=\"pl-img-overlay-link\" href=\"https:\/\/kissthemountain.com\/kisstheshop\/producto\/explicit-climbing-black-coleccion-obsesion-hombre\/\" title=\"EXPLICIT CLIMBING BLACK Colecci\u00f3n Obsesi\u00f3n Hombre\"><\/a>\r\n\t\t\t\t\t<\/div>\r\n\t\t\t\t\t\r\n\t\t\t\t\t<div class=\"pl-thumbnail-img pl-opacity\">\r\n\t\t\t\t\t\t<img src=\"https:\/\/kissthemountain.com\/kisstheshop\/wp-content\/uploads\/2022\/03\/ECNHV2VISUAL-470x634.jpg\" class=\"slide-img\" \/><\/a>\r\n\t\t\t\t\t<\/div>\r\n\t\t\t\t<\/div>\t\t  \t\r\n\t\t\t<div class=\"pl-outer-details\"><\/div><\/div><\/div><div class=\"pl-slider-slide item \" ><div class=\"pl-post-cnt pl-outerdesc-cnt pl-outerdesc-layout1\">\r\n\t\t\t\t<div class=\"pl-thumbnail\">\r\n\t\t\t\t\t\r\n\t\t\t\t\t<div class=\"pl-thumbnail-overlay\">\r\n\t\t\t\t\t\t<a class=\"pl-img-overlay-link\" href=\"https:\/\/kissthemountain.com\/kisstheshop\/producto\/explicit-trail-white-coleccion-obsesion-mujer\/\" title=\"EXPLICIT TRAIL WHITE Colecci\u00f3n Obsesi\u00f3n Mujer\"><\/a>\r\n\t\t\t\t\t<\/div>\r\n\t\t\t\t\t\r\n\t\t\t\t\t<div class=\"pl-thumbnail-img pl-opacity\">\r\n\t\t\t\t\t\t<img src=\"https:\/\/kissthemountain.com\/kisstheshop\/wp-content\/uploads\/2022\/03\/ETBMV2VISUAL-470x634.jpg\" class=\"slide-img\" \/><\/a>\r\n\t\t\t\t\t<\/div>\r\n\t\t\t\t<\/div>\t\t  \t\r\n\t\t\t<div class=\"pl-outer-details\"><\/div><\/div><\/div><div class=\"pl-slider-slide item \" ><div class=\"pl-post-cnt pl-outerdesc-cnt pl-outerdesc-layout1\">\r\n\t\t\t\t<div class=\"pl-thumbnail\">\r\n\t\t\t\t\t\r\n\t\t\t\t\t<div class=\"pl-thumbnail-overlay\">\r\n\t\t\t\t\t\t<a class=\"pl-img-overlay-link\" href=\"https:\/\/kissthemountain.com\/kisstheshop\/producto\/kissthecervino-black-coleccion-obsesion-hombre\/\" title=\"KISSTHECERVINO BLACK Colecci\u00f3n Obsesi\u00f3n Hombre\"><\/a>\r\n\t\t\t\t\t<\/div>\r\n\t\t\t\t\t\r\n\t\t\t\t\t<div class=\"pl-thumbnail-img pl-opacity\">\r\n\t\t\t\t\t\t<img src=\"https:\/\/kissthemountain.com\/kisstheshop\/wp-content\/uploads\/2022\/03\/KTCNHV2VISUAL-470x634.jpg\" class=\"slide-img\" \/><\/a>\r\n\t\t\t\t\t<\/div>\r\n\t\t\t\t<\/div>\t\t  \t\r\n\t\t\t<div class=\"pl-outer-details\"><\/div><\/div><\/div><div class=\"pl-slider-slide item \" ><div class=\"pl-post-cnt pl-outerdesc-cnt pl-outerdesc-layout1\">\r\n\t\t\t\t<div class=\"pl-thumbnail\">\r\n\t\t\t\t\t\r\n\t\t\t\t\t<div class=\"pl-thumbnail-overlay\">\r\n\t\t\t\t\t\t<a class=\"pl-img-overlay-link\" href=\"https:\/\/kissthemountain.com\/kisstheshop\/producto\/god-save-the-climbing-hoodie-organica-black-coleccion-obsesion-unisex\/\" title=\"GOD SAVE THE CLIMBING HOODIE ORG\u00c1NICA BLACK Colecci\u00f3n Obsesi\u00f3n Unisex\"><\/a>\r\n\t\t\t\t\t<\/div>\r\n\t\t\t\t\t\r\n\t\t\t\t\t<div class=\"pl-thumbnail-img pl-opacity\">\r\n\t\t\t\t\t\t<img src=\"https:\/\/kissthemountain.com\/kisstheshop\/wp-content\/uploads\/2022\/10\/Negra_Godsavetheclimbing_Amarillo-470x634.jpg\" class=\"slide-img\" \/><\/a>\r\n\t\t\t\t\t<\/div>\r\n\t\t\t\t<\/div>\t\t  \t\r\n\t\t\t<div class=\"pl-outer-details\"><\/div><\/div><\/div>\t\r\n\t\t<\/div><!--pl-slider-cnt -->\t\r\n\t<\/div><!--pl-main-slider-cnt -->\r\n\t\t<script type=\"text\/javascript\">\r\n\t\t\tjQuery(document).ready(function() {\t  \r\n\t\t\t  setTimeout(function(){\r\n\t\t\t\t  var pl_owl_slider_770 = jQuery(\".pl-owl-770\");\r\n\t\t\t\t  pl_owl_slider_770.owlCarousel({\r\n\t\t\t\t\tautoplay:true,\r\n\t\t\t\t\tloop:3000,\r\n\t\t\t\t\tautoplayHoverPause:true,\r\n\t\t\t\t\tnav:true,\r\n\t\t\t\t\tdots:false,\r\n\t\t\t\t\tdotsData:false,\r\n\t\t\t\t\t\r\n\t\t\t\t\tnavText:[ '<i class=\"fa fa-arrow-circle-o-left\"><\/i>', '<i class=\"fa fa-arrow-circle-o-right\"><\/i>' ],\r\n\t\t\t\t\tmargin:5,\r\n\t\t\t\t\tresponsiveClass:true,\r\n\t\t\t\t\tresponsive:{\r\n\t\t\t\t\t\t0:{\r\n\t\t\t\t\t\t\titems:4,\r\n\t\t\t\t\t\t},\r\n\t\t\t\t\t\t768:{\r\n\t\t\t\t\t\t\titems:4,\r\n\t\t\t\t\t\t},\r\n\t\t\t\t\t\t992:{\r\n\t\t\t\t\t\t\titems:6,\r\n\t\t\t\t\t\t}\t\r\n\t\t\t\t\t}\r\n\t\t\t\t\t});\r\n\t\t\t\t\tjQuery(\".pl-owl-770\").css(\"visibility\",\"visible\");\r\n\t\t\t\t\t\/\/APPLY ZOOMICON AFTER AJAX\r\n                    Mediabox.scanPage();\r\n\t\t\t  },200);\r\n\t\t\t});\r\n\t\t\t<\/script>\r\n\t\t\t[\/vc_column][\/vc_row]<\/p>\n","protected":false},"excerpt":{"rendered":"<p>[vc_row][vc_column offset=\u00bbvc_hidden-md vc_hidden-sm vc_hidden-xs\u00bb][vc_single_image image=\u00bb2110&#8243; img_size=\u00bbfull\u00bb onclick=\u00bbcustom_link\u00bb css_animation=\u00bbfadeInDown\u00bb link=\u00bbhttps:\/\/kissthemountain.com\/kisstheshop\/categoria-producto\/hombre\/\u00bb][\/vc_column][\/vc_row][vc_row][vc_column offset=\u00bbvc_hidden-lg\u00bb][vc_single_image image=\u00bb2110&#8243; img_size=\u00bbfull\u00bb onclick=\u00bbcustom_link\u00bb css_animation=\u00bbfadeInDown\u00bb link=\u00bbhttps:\/\/kissthemountain.com\/kisstheshop\/categoria-producto\/hombre\/\u00bb][\/vc_column][\/vc_row][vc_row][vc_column offset=\u00bbvc_hidden-lg vc_hidden-md vc_hidden-sm vc_hidden-xs\u00bb][vc_single_image image=\u00bb2605&#8243; &hellip; <a href=\"https:\/\/kissthemountain.com\/kisstheshop\/producto\/god-save-the-climbing-hoodie-organica-black-coleccion-obsesion-unisex\/\" class=\"more-link\"><span class=\"more-button\">COMPRAR<span class=\"screen-reader-text\">GOD SAVE THE CLIMBING HOODIE ORG\u00c1NICA BLACK Colecci\u00f3n Obsesi\u00f3n Unisex<\/span><\/span><\/a> &hellip; <a href=\"https:\/\/kissthemountain.com\/kisstheshop\/producto\/god-save-the-climbing-hoodie-organica-black-coleccion-obsesion-unisex\/\" class=\"more-link\"><span class=\"more-button\">COMPRAR<span class=\"screen-reader-text\">GOD SAVE THE CLIMBING HOODIE ORG\u00c1NICA BLACK Colecci\u00f3n Obsesi\u00f3n Unisex<\/span><\/span><\/a><\/p>\n","protected":false},"author":2,"featured_media":1828,"parent":0,"menu_order":0,"comment_status":"closed","ping_status":"closed","template":"","meta":{"_monsterinsights_skip_tracking":false,"_monsterinsights_sitenote_active":false,"_monsterinsights_sitenote_note":"","_monsterinsights_sitenote_category":0},"aioseo_notices":[],"_links":{"self":[{"href":"https:\/\/kissthemountain.com\/kisstheshop\/wp-json\/wp\/v2\/pages\/656"}],"collection":[{"href":"https:\/\/kissthemountain.com\/kisstheshop\/wp-json\/wp\/v2\/pages"}],"about":[{"href":"https:\/\/kissthemountain.com\/kisstheshop\/wp-json\/wp\/v2\/types\/page"}],"author":[{"embeddable":true,"href":"https:\/\/kissthemountain.com\/kisstheshop\/wp-json\/wp\/v2\/users\/2"}],"replies":[{"embeddable":true,"href":"https:\/\/kissthemountain.com\/kisstheshop\/wp-json\/wp\/v2\/comments?post=656"}],"version-history":[{"count":64,"href":"https:\/\/kissthemountain.com\/kisstheshop\/wp-json\/wp\/v2\/pages\/656\/revisions"}],"predecessor-version":[{"id":2637,"href":"https:\/\/kissthemountain.com\/kisstheshop\/wp-json\/wp\/v2\/pages\/656\/revisions\/2637"}],"wp:featuredmedia":[{"embeddable":true,"href":"https:\/\/kissthemountain.com\/kisstheshop\/wp-json\/wp\/v2\/media\/1828"}],"wp:attachment":[{"href":"https:\/\/kissthemountain.com\/kisstheshop\/wp-json\/wp\/v2\/media?parent=656"}],"curies":[{"name":"wp","href":"https:\/\/api.w.org\/{rel}","templated":true}]}}