{"id":1721,"date":"2022-10-28T09:48:47","date_gmt":"2022-10-28T09:48:47","guid":{"rendered":"https:\/\/kissthemountain.com\/kisstheshop\/?post_type=product&#038;p=1721"},"modified":"2023-01-17T10:23:37","modified_gmt":"2023-01-17T10:23:37","slug":"explicit-climbing-hoodie-organica-grey-coleccion-obsesion-unisex","status":"publish","type":"product","link":"https:\/\/kissthemountain.com\/kisstheshop\/producto\/explicit-climbing-hoodie-organica-grey-coleccion-obsesion-unisex\/","title":{"rendered":"EXPLICIT CLIMBING HOODIE ORG\u00c1NICA GREY Colecci\u00f3n Obsesi\u00f3n Unisex"},"content":{"rendered":"<p><strong>\u00a1Ojo! Si eres chica, ten en cuenta que las tallas son unisex.<\/strong><\/p>\n<p>Al seleccionar la talla, ver\u00e1s las medidas reales. Por favor, antes de hacer tu pedido, aseg\u00farate de que tu elecci\u00f3n es la correcta. <strong>En caso de duda entre dos tallas, te recomendamos pedir siempre la de mayor.\u00a0<\/strong><\/p>\n<p><strong>MUY IMPORTANTE: No olvides lavar esta prenda siempre a temperatura que no supere los 30\u00b0C, no usar secadora y planchar a temperatura media sin usar vapor y con la parte estampada del rev\u00e9s.<\/strong><\/p>\n<ul class=\"a-unordered-list a-vertical a-spacing-mini\">\n<li>85% algod\u00f3n org\u00e1nico hilo peinado | 15% poli\u00e9ster reciclado.<\/li>\n<li>280 g\/m\u00b2.<\/li>\n<li>Manga pegada.<\/li>\n<li>Capucha forrada con punto de jersey.<\/li>\n<li>Cord\u00f3n redondo del mismo tono.<\/li>\n<li>Ojales de la capucha cosidos.<\/li>\n<li>Bies interior de espiga en el cuello.<\/li>\n<li>Media luna interior en tejido principal.<\/li>\n<li>Canal\u00e9 1\u00d71 en pu\u00f1os y bajo.<\/li>\n<li>Puntada plana en todas las costuras.<\/li>\n<li>Disponible en varias tallas.<\/li>\n<\/ul>\n","protected":false},"excerpt":{"rendered":"<h5>EXPLICIT CLIMBING GREY<\/h5>\n<p id=\"title\" class=\"a-size-large a-spacing-none a-color-secondary\">Ni siquiera lo ocultas. Incluso no sientes pudor al decir que est\u00e1s obsesionado\/a con la escalada. Lo gritas a los cuatro vientos porque te sientes orgulloso\/a de ello. Tras cada una de las letras que componen la palabra \u00abobsesi\u00f3n\u00bb est\u00e1 todo aquello que amas.<\/p>\n<p> &hellip; <a href=\"https:\/\/kissthemountain.com\/kisstheshop\/producto\/explicit-climbing-hoodie-organica-grey-coleccion-obsesion-unisex\/\" class=\"more-link\"><span class=\"more-button\">COMPRAR<span class=\"screen-reader-text\">EXPLICIT CLIMBING HOODIE ORG\u00c1NICA GREY Colecci\u00f3n Obsesi\u00f3n Unisex<\/span><\/span><\/a><\/p>\n","protected":false},"featured_media":1726,"template":"","meta":{"_monsterinsights_skip_tracking":false,"_monsterinsights_sitenote_active":false,"_monsterinsights_sitenote_note":"","_monsterinsights_sitenote_category":0},"product_cat":[35,31,72,29,47,30,27,28,37],"product_tag":[50,38],"aioseo_notices":[],"_links":{"self":[{"href":"https:\/\/kissthemountain.com\/kisstheshop\/wp-json\/wp\/v2\/product\/1721"}],"collection":[{"href":"https:\/\/kissthemountain.com\/kisstheshop\/wp-json\/wp\/v2\/product"}],"about":[{"href":"https:\/\/kissthemountain.com\/kisstheshop\/wp-json\/wp\/v2\/types\/product"}],"wp:featuredmedia":[{"embeddable":true,"href":"https:\/\/kissthemountain.com\/kisstheshop\/wp-json\/wp\/v2\/media\/1726"}],"wp:attachment":[{"href":"https:\/\/kissthemountain.com\/kisstheshop\/wp-json\/wp\/v2\/media?parent=1721"}],"wp:term":[{"taxonomy":"product_cat","embeddable":true,"href":"https:\/\/kissthemountain.com\/kisstheshop\/wp-json\/wp\/v2\/product_cat?post=1721"},{"taxonomy":"product_tag","embeddable":true,"href":"https:\/\/kissthemountain.com\/kisstheshop\/wp-json\/wp\/v2\/product_tag?post=1721"}],"curies":[{"name":"wp","href":"https:\/\/api.w.org\/{rel}","templated":true}]}}