{"id":199,"date":"2022-03-22T19:54:42","date_gmt":"2022-03-22T19:54:42","guid":{"rendered":"https:\/\/kissthemountain.com\/kisstheshop\/?post_type=product&#038;p=199"},"modified":"2022-10-17T13:44:34","modified_gmt":"2022-10-17T13:44:34","slug":"obsesion-arte-trail-dark-green-coleccion-obsesion-hombre","status":"publish","type":"product","link":"https:\/\/kissthemountain.com\/kisstheshop\/producto\/obsesion-arte-trail-dark-green-coleccion-obsesion-hombre\/","title":{"rendered":"OBSESION-ARTE TRAIL D-GREEN  Colecci\u00f3n Obsesi\u00f3n Hombre"},"content":{"rendered":"<p>Esta camiseta en algod\u00f3n est\u00e1 disponible en tallas S, M, L, XL. Al seleccionar la talla, ver\u00e1s las medidas reales. Por favor, antes de hacer tu pedido, aseg\u00farate de que tu elecci\u00f3n es la correcta. <strong>En caso de duda entre dos tallas, te recomendamos pedir siempre la de mayor.<\/strong><\/p>\n<p><strong>MUY IMPORTANTE: No olvides lavar esta prenda siempre a temperatura que no supere los 30\u00b0C, no usar secadora y planchar a temperatura media sin usar vapor y con la parte estampada del rev\u00e9s.<\/strong><\/p>\n<ul class=\"a-unordered-list a-vertical a-spacing-mini\">\n<li><span class=\"a-list-item\">100 % algod\u00f3n peinado.<\/span><\/li>\n<li><span class=\"a-list-item\">180 g\/m2.<\/span><\/li>\n<li>Cuello de 4 capas.<\/li>\n<li>Cubre-costuras reforzado en el cuello y en los hombros.<\/li>\n<li><span class=\"a-list-item\">Muy suave y c\u00f3moda.<\/span><\/li>\n<li>Disponible en varias tallas.<\/li>\n<\/ul>\n","protected":false},"excerpt":{"rendered":"<h5>OBSESION-ARTE TRAIL D-GREEN<\/h5>\n<p id=\"title\" class=\"a-size-large a-spacing-none a-color-secondary\">\u00bfMiras el David de Michelangelo y en lugar de sorprenderte por sus m\u00e1s de cinco metros de altura y 5.500 kilogramos de peso no puedes evitar imaginarlo junto a ti en la l\u00ednea de salida de alguna carrera? \u00bfTe sorprendes buscando sus puntos d\u00e9biles a la hora de afrontar una gran subida o un vertiginoso descenso? \u00bfNo ser\u00e1 que est\u00e1s un poco obsesionado?<\/p>\n<p> &hellip; <a href=\"https:\/\/kissthemountain.com\/kisstheshop\/producto\/obsesion-arte-trail-dark-green-coleccion-obsesion-hombre\/\" class=\"more-link\"><span class=\"more-button\">COMPRAR<span class=\"screen-reader-text\">OBSESION-ARTE TRAIL D-GREEN  Colecci\u00f3n Obsesi\u00f3n Hombre<\/span><\/span><\/a><\/p>\n","protected":false},"featured_media":1561,"template":"","meta":{"_monsterinsights_skip_tracking":false,"_monsterinsights_sitenote_active":false,"_monsterinsights_sitenote_note":"","_monsterinsights_sitenote_category":0},"product_cat":[15,25,31,29,47,34],"product_tag":[32,51],"aioseo_notices":[],"_links":{"self":[{"href":"https:\/\/kissthemountain.com\/kisstheshop\/wp-json\/wp\/v2\/product\/199"}],"collection":[{"href":"https:\/\/kissthemountain.com\/kisstheshop\/wp-json\/wp\/v2\/product"}],"about":[{"href":"https:\/\/kissthemountain.com\/kisstheshop\/wp-json\/wp\/v2\/types\/product"}],"wp:featuredmedia":[{"embeddable":true,"href":"https:\/\/kissthemountain.com\/kisstheshop\/wp-json\/wp\/v2\/media\/1561"}],"wp:attachment":[{"href":"https:\/\/kissthemountain.com\/kisstheshop\/wp-json\/wp\/v2\/media?parent=199"}],"wp:term":[{"taxonomy":"product_cat","embeddable":true,"href":"https:\/\/kissthemountain.com\/kisstheshop\/wp-json\/wp\/v2\/product_cat?post=199"},{"taxonomy":"product_tag","embeddable":true,"href":"https:\/\/kissthemountain.com\/kisstheshop\/wp-json\/wp\/v2\/product_tag?post=199"}],"curies":[{"name":"wp","href":"https:\/\/api.w.org\/{rel}","templated":true}]}}