{"id":726,"date":"2023-03-27T08:42:22","date_gmt":"2023-03-27T08:42:22","guid":{"rendered":"https:\/\/kissthemountain.com\/kisstheshop\/?post_type=product&#038;p=726"},"modified":"2023-03-29T09:13:33","modified_gmt":"2023-03-29T09:13:33","slug":"god-save-the-climbing-yellow-coleccion-obsesion-mujer","status":"publish","type":"product","link":"https:\/\/kissthemountain.com\/kisstheshop\/producto\/god-save-the-climbing-yellow-coleccion-obsesion-mujer\/","title":{"rendered":"GOD SAVE THE CLIMBING YELLOW  Colecci\u00f3n Obsesi\u00f3n Mujer"},"content":{"rendered":"<p>Esta camiseta en algod\u00f3n est\u00e1 disponible en tallas S, M, L, XL. Al seleccionar la talla, ver\u00e1s las medidas reales. Por favor, antes de hacer tu pedido, aseg\u00farate de que tu elecci\u00f3n es la correcta. <strong>En caso de duda entre dos tallas, te recomendamos pedir siempre la de mayor.<\/strong><\/p>\n<p><strong>MUY IMPORTANTE: No olvides lavar esta prenda siempre a temperatura que no supere los 30\u00b0C, no usar secadora y planchar a temperatura media sin usar vapor y con la parte estampada del rev\u00e9s.<\/strong><\/p>\n<ul class=\"a-unordered-list a-vertical a-spacing-mini\">\n<li><span class=\"a-list-item\">100 % algod\u00f3n peinado.<\/span><\/li>\n<li><span class=\"a-list-item\">155 g\/m2.<\/span><\/li>\n<li>Cuello de 4 capas.<\/li>\n<li>Cubre-costuras reforzado en el cuello y en los hombros.<\/li>\n<li><span class=\"a-list-item\">Muy suave y c\u00f3moda.<\/span><\/li>\n<li>Disponible en varias tallas.<\/li>\n<\/ul>\n","protected":false},"excerpt":{"rendered":"<h5>GOD SAVE THE CLIMBING YELLOW<\/h5>\n<p id=\"title\" class=\"a-size-large a-spacing-none a-color-secondary\">En el a\u00f1o 1977, la banda brit\u00e1nica Sex Pistols lanzaba GOD SAVE THE QUEEN, una canci\u00f3n que ha pasado a la historia de algo que va m\u00e1s all\u00e1 de la m\u00fasica. Siempre se ha dicho que la escalada tiene algo de punk. Por eso, y porque estamos obsesionadas con el mundo de lo vertical, muchas cantamos GOD SAVE THE CLIMBING.<\/p>\n<p> &hellip; <a href=\"https:\/\/kissthemountain.com\/kisstheshop\/producto\/god-save-the-climbing-yellow-coleccion-obsesion-mujer\/\" class=\"more-link\"><span class=\"more-button\">COMPRAR<span class=\"screen-reader-text\">GOD SAVE THE CLIMBING YELLOW  Colecci\u00f3n Obsesi\u00f3n Mujer<\/span><\/span><\/a><\/p>\n","protected":false},"featured_media":1096,"template":"","meta":{"_monsterinsights_skip_tracking":false,"_monsterinsights_sitenote_active":false,"_monsterinsights_sitenote_note":"","_monsterinsights_sitenote_category":0},"product_cat":[15,26,35,31,69,47,30],"product_tag":[36,48],"aioseo_notices":[],"_links":{"self":[{"href":"https:\/\/kissthemountain.com\/kisstheshop\/wp-json\/wp\/v2\/product\/726"}],"collection":[{"href":"https:\/\/kissthemountain.com\/kisstheshop\/wp-json\/wp\/v2\/product"}],"about":[{"href":"https:\/\/kissthemountain.com\/kisstheshop\/wp-json\/wp\/v2\/types\/product"}],"wp:featuredmedia":[{"embeddable":true,"href":"https:\/\/kissthemountain.com\/kisstheshop\/wp-json\/wp\/v2\/media\/1096"}],"wp:attachment":[{"href":"https:\/\/kissthemountain.com\/kisstheshop\/wp-json\/wp\/v2\/media?parent=726"}],"wp:term":[{"taxonomy":"product_cat","embeddable":true,"href":"https:\/\/kissthemountain.com\/kisstheshop\/wp-json\/wp\/v2\/product_cat?post=726"},{"taxonomy":"product_tag","embeddable":true,"href":"https:\/\/kissthemountain.com\/kisstheshop\/wp-json\/wp\/v2\/product_tag?post=726"}],"curies":[{"name":"wp","href":"https:\/\/api.w.org\/{rel}","templated":true}]}}